{"id":2,"date":"2014-11-12T04:51:49","date_gmt":"2014-11-12T04:51:49","guid":{"rendered":"http:\/\/localhost\/wordpress-4.0.1\/wordpress\/?page_id=2"},"modified":"2022-01-19T10:20:50","modified_gmt":"2022-01-19T10:20:50","slug":"sample-page","status":"publish","type":"page","link":"http:\/\/platon.nullo.de\/?page_id=2","title":{"rendered":"\u00dcber"},"content":{"rendered":"<h1>Sich mit 51 noch einmal neu erfinden?<\/h1>\n<p><em><strong>Macht das Sinn und funktioniert das \u00fcberhaupt? Und stand da nicht mal mit 44?<\/strong><\/em><\/p>\n<p>Nun mit Ende Anfang 44 ist die die Midlife Crisis vorbei und sie ist einigermassen ohne gr\u00f6\u00dfere Komplikationen an mir vorbeigegangen. Einen Porsche habe ich mir nicht gekauft! Die gab es nicht in meiner Gr\u00f6\u00dfe und wenn ich mich doch einmal in einen herein quetsche, verschmelzen Bauch und Lenkrad zu einer untrennbaren Einheit.<\/p>\n<p>Aber mit 44 sollte ich vielleicht mal die Dinge angehen, welche mich daran hindern 88 zu werden. Bei stattlichen 200cm L\u00e4nge haben sich zum Jahrestag meiner Geburt leider auch 176 kg angesammelt. Das ist nunmal weder gesund noch der Lebensqualit\u00e4t sonderlich f\u00f6rderlich. In diesem Blog m\u00f6chte ich meinen Weg zur\u00fcck auf&#8217;s Rennrad beschreiben. Inspiration hierf\u00fcr war nicht zu Letzt der beeindruckene Weg den Armin Praml auf seiner Website http:\/\/arminpraml-radsport.de\/ beschreibt.<\/p>\n<p>Ziel ist war es im Oktober 2015 von M\u00fcnchen in 4 Tagen nach Venedig zu fahren.<\/p>\n<p>Nun zwei Ans\u00e4tze habe ich hierf\u00fcr schon gebraucht. Einmal kam eine Wirbels\u00e4ulen OP und lange Krankheitsgeschichte dazwischen und beim zweiten Mal Corona und meine unsere beiden Zwillingsgremlins Anna und Theresa. Nun mit 50 nochmal Vater werden und das von Zwillingen ist eine besondere Herausforderung.<\/p>\n<p>Ich starte also Weihnachten 2021 wieder mit 166,6 kg in den nun hoffentlichoffentlich erfolgreichen letzten Anlauf.<\/p>\n<p><strong style=\"font-style: italic;\">F\u00fcr wen schreibe ich diesen Blog<\/strong>?<\/p>\n<p>In erster Linie f\u00fcr mich selber um den Weg zu dokumentieren und auch ein wenig Druck zu haben, nicht aufzugeben. Dies ist mein Weg, er wird weder gerade noch perfekt sein, er hat keinen Anspruch auf Allgemeing\u00fcltigkeit oder irgendeinen Vorbild Charakter.<\/p>\n<p><em><strong>Geht es nur ums Abnehmen und Radfahren?<\/strong><\/em><\/p>\n<p>Nein eher um das was mich zur Zeit bewegt. Und wenn auch in den n\u00e4chsten Wochen dies mein bedeutendstes &#8220;Hobby&#8221; sein wird, so gibt es bestimmt noch mehr Dinge, die euch nicht Interessieren und die ich hier hineinschreiben werde.<\/p>\n<p>M\u00fcnchen, am 18. Februar 2022<\/p>\n","protected":false},"excerpt":{"rendered":"<p>Sich mit 51 noch einmal neu erfinden? Macht das Sinn und funktioniert das \u00fcberhaupt? Und stand da nicht mal mit 44? Nun mit Ende Anfang 44 ist die die Midlife Crisis vorbei und sie ist einigermassen ohne gr\u00f6\u00dfere Komplikationen an mir vorbeigegangen. Einen Porsche habe ich mir nicht gekauft! Die gab es nicht in meiner &hellip; <a href=\"http:\/\/platon.nullo.de\/?page_id=2\" class=\"more-link\">Continue reading <span class=\"screen-reader-text\">\u00dcber<\/span> <span class=\"meta-nav\">&rarr;<\/span><\/a><\/p>\n","protected":false},"author":1,"featured_media":0,"parent":0,"menu_order":0,"comment_status":"open","ping_status":"open","template":"","meta":{"footnotes":""},"class_list":["post-2","page","type-page","status-publish","hentry"],"_links":{"self":[{"href":"http:\/\/platon.nullo.de\/index.php?rest_route=\/wp\/v2\/pages\/2","targetHints":{"allow":["GET"]}}],"collection":[{"href":"http:\/\/platon.nullo.de\/index.php?rest_route=\/wp\/v2\/pages"}],"about":[{"href":"http:\/\/platon.nullo.de\/index.php?rest_route=\/wp\/v2\/types\/page"}],"author":[{"embeddable":true,"href":"http:\/\/platon.nullo.de\/index.php?rest_route=\/wp\/v2\/users\/1"}],"replies":[{"embeddable":true,"href":"http:\/\/platon.nullo.de\/index.php?rest_route=%2Fwp%2Fv2%2Fcomments&post=2"}],"version-history":[{"count":7,"href":"http:\/\/platon.nullo.de\/index.php?rest_route=\/wp\/v2\/pages\/2\/revisions"}],"predecessor-version":[{"id":215,"href":"http:\/\/platon.nullo.de\/index.php?rest_route=\/wp\/v2\/pages\/2\/revisions\/215"}],"wp:attachment":[{"href":"http:\/\/platon.nullo.de\/index.php?rest_route=%2Fwp%2Fv2%2Fmedia&parent=2"}],"curies":[{"name":"wp","href":"https:\/\/api.w.org\/{rel}","templated":true}]}}